{"id":26,"date":"2019-01-29T08:01:35","date_gmt":"2019-01-29T08:01:35","guid":{"rendered":"http:\/\/samsalud.info\/?page_id=26"},"modified":"2024-03-01T14:08:18","modified_gmt":"2024-03-01T19:08:18","slug":"contacto","status":"publish","type":"page","link":"https:\/\/software.samsalud.info\/?page_id=26","title":{"rendered":"Contacto"},"content":{"rendered":"<p>[et_pb_section fb_built=&#8221;1&#8243; _builder_version=&#8221;4.16&#8243; global_colors_info=&#8221;{}&#8221;][et_pb_row _builder_version=&#8221;4.16&#8243; background_size=&#8221;initial&#8221; background_position=&#8221;top_left&#8221; background_repeat=&#8221;repeat&#8221; global_colors_info=&#8221;{}&#8221;][et_pb_column type=&#8221;4_4&#8243; _builder_version=&#8221;4.16&#8243; custom_padding=&#8221;|||&#8221; global_colors_info=&#8221;{}&#8221; custom_padding__hover=&#8221;|||&#8221;][et_pb_text _builder_version=&#8221;4.24.0&#8243; background_size=&#8221;initial&#8221; background_position=&#8221;top_left&#8221; background_repeat=&#8221;repeat&#8221; hover_enabled=&#8221;0&#8243; global_colors_info=&#8221;{}&#8221; sticky_enabled=&#8221;0&#8243;]<\/p>\n<p style=\"text-align: center;\">\n<p style=\"text-align: center;\">Contacto<\/p>\n<p style=\"text-align: center;\">\n<p style=\"text-align: center;\">\u00bfAgendamos una Cita?<\/p>\n<p style=\"text-align: center;\">\n<p style=\"font-size: 21px; text-align: center;\">Estamos listos para solucionar todas tus inquietudes.<br \/>Cont\u00e1ctanos y no pierdas tu dinero en reprocesos manuales.<\/p>\n<p style=\"text-align: center;\">\n<p style=\"text-align: center;\">Ll\u00e1manos<\/p>\n<p style=\"text-align: center;\">\n<p style=\"text-align: center;\"><span style=\"font-size: 40px; color: #0075e6; margin-bottom: 0;\"><strong>311 375 41 92<\/strong><\/span><\/p>\n<p style=\"text-align: center;\"><strong><span style=\"color: #929aa3; font-size: 15px; letter-spacing: 2px; line-height: 15px;\">LUNES-VIERNES (8AM- 6PM)<\/span><\/strong><\/p>\n<p style=\"text-align: center;\">\n<p style=\"text-align: center;\">Env\u00edanos un Correo<\/p>\n<p style=\"text-align: center;\">\n<p style=\"text-align: center;\"><span style=\"font-size: 26px; color: #0075e6;\"><strong>info@gatolocostudios.com<\/strong><\/span><\/p>\n<p style=\"text-align: center;\">\n<p style=\"text-align: center;\">\u00a1D\u00e9janos tu mensaje!<\/p>\n<p style=\"text-align: center;\">[\/et_pb_text][\/et_pb_column][\/et_pb_row][et_pb_row _builder_version=&#8221;4.24.0&#8243; _module_preset=&#8221;default&#8221;][et_pb_column _builder_version=&#8221;4.24.0&#8243; _module_preset=&#8221;default&#8221; type=&#8221;4_4&#8243;][et_pb_signup _builder_version=&#8221;4.24.0&#8243; _module_preset=&#8221;default&#8221; hover_enabled=&#8221;0&#8243; sticky_enabled=&#8221;0&#8243;][\/et_pb_signup][\/et_pb_column][\/et_pb_row][\/et_pb_section]<\/p>\n","protected":false},"excerpt":{"rendered":"<p>Contacto \u00bfAgendamos una Cita? Estamos listos para solucionar todas tus inquietudes.Cont\u00e1ctanos y no pierdas tu dinero en reprocesos manuales. Ll\u00e1manos 311 375 41 92 LUNES-VIERNES (8AM- 6PM) Env\u00edanos un Correo info@gatolocostudios.com \u00a1D\u00e9janos tu mensaje!<\/p>\n","protected":false},"author":1,"featured_media":0,"parent":0,"menu_order":0,"comment_status":"closed","ping_status":"closed","template":"","meta":{"_et_pb_use_builder":"on","_et_pb_old_content":"[fusion_builder_container admin_label=\"Book Now Hero\" hundred_percent=\"no\" hundred_percent_height=\"no\" hundred_percent_height_scroll=\"no\" hundred_percent_height_center_content=\"yes\" equal_height_columns=\"no\" menu_anchor=\"\" hide_on_mobile=\"small-visibility,medium-visibility,large-visibility\" status=\"published\" publish_date=\"\" class=\"\" id=\"\" link_color=\"\" link_hover_color=\"\" border_size=\"\" border_color=\"\" border_style=\"solid\" margin_top=\"\" margin_bottom=\"\" padding_top=\"190px\" padding_right=\"\" padding_bottom=\"\" padding_left=\"\" gradient_start_color=\"\" gradient_end_color=\"\" gradient_start_position=\"0\" gradient_end_position=\"100\" gradient_type=\"linear\" radial_direction=\"center center\" linear_angle=\"180\" background_color=\"\" background_image=\"http:\/\/samsalud.info\/wp-content\/uploads\/2020\/06\/Title_Contact.jpg\" background_position=\"right bottom\" background_repeat=\"no-repeat\" fade=\"no\" background_parallax=\"none\" enable_mobile=\"no\" parallax_speed=\"0.3\" background_blend_mode=\"none\" video_mp4=\"\" video_webm=\"\" video_ogv=\"\" video_url=\"\" video_aspect_ratio=\"16:9\" video_loop=\"yes\" video_mute=\"yes\" video_preview_image=\"\" filter_hue=\"0\" filter_saturation=\"100\" filter_brightness=\"100\" filter_contrast=\"100\" filter_invert=\"0\" filter_sepia=\"0\" filter_opacity=\"100\" filter_blur=\"0\" filter_hue_hover=\"0\" filter_saturation_hover=\"100\" filter_brightness_hover=\"100\" filter_contrast_hover=\"100\" filter_invert_hover=\"0\" filter_sepia_hover=\"0\" filter_opacity_hover=\"100\" filter_blur_hover=\"0\"][fusion_builder_row][fusion_builder_column type=\"1_1\" layout=\"1_1\" spacing=\"\" center_content=\"no\" link=\"\" target=\"_self\" min_height=\"\" hide_on_mobile=\"small-visibility,medium-visibility,large-visibility\" class=\"\" id=\"\" background_image_id=\"\" background_color=\"\" background_image=\"\" background_position=\"left top\" undefined=\"\" background_repeat=\"no-repeat\" hover_type=\"none\" border_size=\"0\" border_color=\"\" border_style=\"solid\" border_position=\"all\" padding_top=\"\" padding_right=\"\" padding_bottom=\"\" padding_left=\"\" margin_top=\"\" margin_bottom=\"\" animation_type=\"\" animation_direction=\"left\" animation_speed=\"0.3\" animation_offset=\"\" last=\"true\" first=\"true\"][fusion_separator style_type=\"none\" hide_on_mobile=\"small-visibility,medium-visibility\" class=\"\" id=\"\" sep_color=\"\" top_margin=\"30px\" bottom_margin=\"\" border_size=\"\" icon=\"\" icon_circle=\"\" icon_circle_color=\"\" width=\"\" alignment=\"center\" \/][fusion_title title_type=\"text\" rotation_effect=\"bounceIn\" display_time=\"1200\" highlight_effect=\"circle\" loop_animation=\"off\" highlight_width=\"9\" highlight_top_margin=\"0\" before_text=\"\" rotation_text=\"\" highlight_text=\"\" after_text=\"\" hide_on_mobile=\"small-visibility,medium-visibility,large-visibility\" class=\"\" id=\"\" content_align=\"left\" size=\"1\" font_size=\"\" animated_font_size=\"\" fusion_font_family_title_font=\"\" fusion_font_subset_title_font=\"\" fusion_font_variant_title_font=\"\" line_height=\"\" letter_spacing=\"\" margin_top=\"\" margin_bottom=\"\" margin_top_mobile=\"\" margin_bottom_mobile=\"\" text_color=\"#ffffff\" animated_text_color=\"\" highlight_color=\"\" style_type=\"default\" sep_color=\"\" animation_type=\"\" animation_direction=\"left\" animation_speed=\"0.3\" animation_offset=\"\"]\n<p>Contacto<\/p>\n[\/fusion_title][\/fusion_builder_column][\/fusion_builder_row][\/fusion_builder_container][fusion_builder_container admin_label=\"Book Now Intro\" hundred_percent=\"no\" hundred_percent_height=\"no\" hundred_percent_height_scroll=\"no\" hundred_percent_height_center_content=\"yes\" equal_height_columns=\"no\" menu_anchor=\"\" hide_on_mobile=\"small-visibility,medium-visibility,large-visibility\" status=\"published\" publish_date=\"\" class=\"\" id=\"\" background_color=\"#ffffff\" background_image=\"\" background_position=\"center center\" background_repeat=\"no-repeat\" fade=\"no\" background_parallax=\"none\" enable_mobile=\"no\" parallax_speed=\"0.3\" video_mp4=\"\" video_webm=\"\" video_ogv=\"\" video_url=\"\" video_aspect_ratio=\"16:9\" video_loop=\"yes\" video_mute=\"yes\" video_preview_image=\"\" border_size=\"\" border_color=\"\" border_style=\"solid\" margin_top=\"\" margin_bottom=\"\" padding_top=\"80px\" padding_right=\"\" padding_bottom=\"80px\" padding_left=\"\" admin_toggled=\"no\"][fusion_builder_row][fusion_builder_column type=\"1_1\" layout=\"1_1\" spacing=\"\" center_content=\"no\" link=\"\" target=\"_self\" min_height=\"none\" hide_on_mobile=\"small-visibility,medium-visibility,large-visibility\" class=\"\" id=\"\" background_image_id=\"\" background_color=\"\" background_image=\"\" background_position=\"left top\" undefined=\"\" background_repeat=\"no-repeat\" hover_type=\"none\" border_size=\"0\" border_color=\"\" border_style=\"solid\" border_position=\"all\" padding_top=\"\" padding_right=\"\" padding_bottom=\"\" padding_left=\"\" margin_top=\"\" margin_bottom=\"\" animation_type=\"fade\" animation_direction=\"up\" animation_speed=\"0.6\" animation_offset=\"\" last=\"true\" first=\"true\"][fusion_title title_type=\"text\" rotation_effect=\"bounceIn\" display_time=\"1200\" highlight_effect=\"circle\" loop_animation=\"off\" highlight_width=\"9\" highlight_top_margin=\"0\" before_text=\"\" rotation_text=\"\" highlight_text=\"\" after_text=\"\" hide_on_mobile=\"small-visibility,medium-visibility,large-visibility\" class=\"\" id=\"\" content_align=\"left\" size=\"2\" font_size=\"\" animated_font_size=\"\" fusion_font_family_title_font=\"\" fusion_font_subset_title_font=\"\" fusion_font_variant_title_font=\"\" line_height=\"\" letter_spacing=\"\" margin_top=\"\" margin_bottom=\"\" margin_top_mobile=\"\" margin_bottom_mobile=\"\" text_color=\"\" animated_text_color=\"\" highlight_color=\"\" style_type=\"default\" sep_color=\"\" animation_type=\"\" animation_direction=\"left\" animation_speed=\"0.3\" animation_offset=\"\"]\n<p>\u00bfAgendamos una Cita?<\/p>\n[\/fusion_title][\/fusion_builder_column][fusion_builder_column type=\"2_3\" layout=\"2_3\" spacing=\"\" center_content=\"no\" link=\"\" target=\"_self\" min_height=\"none\" hide_on_mobile=\"small-visibility,medium-visibility,large-visibility\" class=\"\" id=\"\" background_image_id=\"\" background_color=\"\" background_image=\"\" background_position=\"left top\" undefined=\"\" background_repeat=\"no-repeat\" hover_type=\"none\" border_size=\"0\" border_color=\"\" border_style=\"solid\" border_position=\"all\" padding_top=\"\" padding_right=\"\" padding_bottom=\"\" padding_left=\"\" margin_top=\"\" margin_bottom=\"40px\" animation_type=\"fade\" animation_direction=\"left\" animation_speed=\"0.6\" animation_offset=\"\" last=\"false\" first=\"true\"][fusion_text columns=\"\" column_min_width=\"\" column_spacing=\"\" rule_style=\"default\" rule_size=\"\" rule_color=\"\" hide_on_mobile=\"small-visibility,medium-visibility,large-visibility\" class=\"\" id=\"\" animation_type=\"\" animation_direction=\"left\" animation_speed=\"0.3\" animation_offset=\"\"]<p style=\"font-size: 21px;\">Estamos listos para solucionar todas tus inquietudes. Cont\u00e1ctanos y s\u00e9 parte del futuro en el sector de la medicina<\/p>[\/fusion_text][\/fusion_builder_column][fusion_builder_column type=\"1_3\" layout=\"1_3\" spacing=\"\" center_content=\"yes\" link=\"\" target=\"_self\" min_height=\"none\" hide_on_mobile=\"large-visibility\" class=\"\" id=\"\" background_image_id=\"\" background_color=\"\" background_image=\"\" background_position=\"left top\" undefined=\"\" background_repeat=\"no-repeat\" hover_type=\"none\" border_size=\"0\" border_color=\"\" border_style=\"solid\" border_position=\"all\" padding_top=\"\" padding_right=\"\" padding_bottom=\"\" padding_left=\"\" margin_top=\"\" margin_bottom=\"40px\" animation_type=\"fade\" animation_direction=\"right\" animation_speed=\"0.6\" animation_offset=\"\" last=\"true\" element_content=\"\" first=\"false\"][\/fusion_builder_column][\/fusion_builder_row][\/fusion_builder_container][fusion_builder_container admin_label=\"Contact Form\" hundred_percent=\"no\" hundred_percent_height=\"no\" hundred_percent_height_scroll=\"no\" hundred_percent_height_center_content=\"yes\" equal_height_columns=\"no\" menu_anchor=\"\" hide_on_mobile=\"small-visibility,medium-visibility,large-visibility\" status=\"published\" publish_date=\"\" class=\"\" id=\"\" link_color=\"\" link_hover_color=\"\" border_size=\"\" border_color=\"\" border_style=\"solid\" margin_top=\"\" margin_bottom=\"\" padding_top=\"80px\" padding_right=\"\" padding_bottom=\"160px\" padding_left=\"\" gradient_start_color=\"\" gradient_end_color=\"\" gradient_start_position=\"0\" gradient_end_position=\"100\" gradient_type=\"linear\" radial_direction=\"center center\" linear_angle=\"180\" background_color=\"\" background_image=\"http:\/\/samsalud.info\/wp-content\/uploads\/2019\/02\/Telemedicina_Wallpaper.jpg\" background_position=\"right bottom\" background_repeat=\"no-repeat\" fade=\"no\" background_parallax=\"none\" enable_mobile=\"no\" parallax_speed=\"0.3\" background_blend_mode=\"none\" video_mp4=\"\" video_webm=\"\" video_ogv=\"\" video_url=\"\" video_aspect_ratio=\"16:9\" video_loop=\"yes\" video_mute=\"yes\" video_preview_image=\"\" filter_hue=\"0\" filter_saturation=\"100\" filter_brightness=\"100\" filter_contrast=\"100\" filter_invert=\"0\" filter_sepia=\"0\" filter_opacity=\"100\" filter_blur=\"0\" filter_hue_hover=\"0\" filter_saturation_hover=\"100\" filter_brightness_hover=\"100\" filter_contrast_hover=\"100\" filter_invert_hover=\"0\" filter_sepia_hover=\"0\" filter_opacity_hover=\"100\" filter_blur_hover=\"0\"][fusion_builder_row][fusion_builder_column type=\"1_1\" layout=\"1_1\" spacing=\"\" center_content=\"no\" link=\"\" target=\"_self\" min_height=\"\" hide_on_mobile=\"small-visibility,medium-visibility,large-visibility\" class=\"\" id=\"\" background_image_id=\"\" hover_type=\"none\" border_size=\"6\" border_color=\"#0075e6\" border_style=\"solid\" border_position=\"top\" border_radius_top_left=\"10px\" border_radius_top_right=\"10px\" border_radius_bottom_right=\"10px\" border_radius_bottom_left=\"10px\" box_shadow=\"yes\" box_shadow_vertical=\"45px\" box_shadow_horizontal=\"0\" box_shadow_blur=\"40\" box_shadow_spread=\"0\" box_shadow_color=\"rgba(0,44,91,0.3)\" box_shadow_style=\"\" padding_top=\"60px\" padding_right=\"60px\" padding_bottom=\"60px\" padding_left=\"60px\" margin_top=\"-120px\" margin_bottom=\"\" background_type=\"single\" gradient_start_color=\"\" gradient_end_color=\"\" gradient_start_position=\"0\" gradient_end_position=\"100\" gradient_type=\"linear\" radial_direction=\"center center\" linear_angle=\"180\" background_color=\"#ffffff\" background_image=\"\" background_position=\"left top\" background_repeat=\"no-repeat\" background_blend_mode=\"none\" animation_type=\"fade\" animation_direction=\"up\" animation_speed=\"0.6\" animation_offset=\"\" filter_type=\"regular\" filter_hue=\"0\" filter_saturation=\"100\" filter_brightness=\"100\" filter_contrast=\"100\" filter_invert=\"0\" filter_sepia=\"0\" filter_opacity=\"100\" filter_blur=\"0\" filter_hue_hover=\"0\" filter_saturation_hover=\"100\" filter_brightness_hover=\"100\" filter_contrast_hover=\"100\" filter_invert_hover=\"0\" filter_sepia_hover=\"0\" filter_opacity_hover=\"100\" filter_blur_hover=\"0\" last=\"true\" first=\"true\"][fusion_builder_row_inner][fusion_builder_column_inner type=\"1_3\" layout=\"1_3\" spacing=\"\" center_content=\"no\" hover_type=\"none\" link=\"\" min_height=\"\" hide_on_mobile=\"small-visibility,medium-visibility,large-visibility\" class=\"\" id=\"\" background_color=\"\" background_image=\"\" background_position=\"left top\" undefined=\"\" background_repeat=\"no-repeat\" border_size=\"0\" border_color=\"\" border_style=\"solid\" padding_top=\"\" padding_right=\"\" padding_bottom=\"\" padding_left=\"\" margin_top=\"\" margin_bottom=\"\" animation_type=\"fade\" animation_direction=\"left\" animation_speed=\"0.6\" animation_offset=\"\" last=\"false\" border_position=\"all\" first=\"true\"][fusion_title title_type=\"text\" rotation_effect=\"bounceIn\" display_time=\"1200\" highlight_effect=\"circle\" loop_animation=\"off\" highlight_width=\"9\" highlight_top_margin=\"0\" before_text=\"\" rotation_text=\"\" highlight_text=\"\" after_text=\"\" hide_on_mobile=\"small-visibility,medium-visibility,large-visibility\" class=\"\" id=\"\" content_align=\"left\" size=\"3\" font_size=\"\" animated_font_size=\"\" fusion_font_family_title_font=\"\" fusion_font_subset_title_font=\"\" fusion_font_variant_title_font=\"\" line_height=\"\" letter_spacing=\"\" margin_top=\"\" margin_bottom=\"0px\" margin_top_mobile=\"\" margin_bottom_mobile=\"\" text_color=\"#494c4e\" animated_text_color=\"\" highlight_color=\"\" style_type=\"default\" sep_color=\"\" animation_type=\"\" animation_direction=\"left\" animation_speed=\"0.3\" animation_offset=\"\"]\n<p>Ll\u00e1manos<\/p>\n[\/fusion_title][fusion_text columns=\"\" column_min_width=\"\" column_spacing=\"\" rule_style=\"default\" rule_size=\"\" rule_color=\"\" hide_on_mobile=\"small-visibility,medium-visibility,large-visibility\" class=\"\" id=\"\" animation_type=\"\" animation_direction=\"left\" animation_speed=\"0.3\" animation_offset=\"\"]<p><span style=\"font-size: 40px; color: #0075e6; margin-bottom: 0;\"><strong>312 566 5273<\/strong><\/span><br>\n<strong><span style=\"color: #929aa3; font-size: 15px; letter-spacing: 2px; line-height: 15px;\">LUNES-VIERNES (8AM- 6PM)<\/span><\/strong><\/p>[\/fusion_text][fusion_separator style_type=\"single solid\" hide_on_mobile=\"small-visibility,medium-visibility,large-visibility\" class=\"\" id=\"\" sep_color=\"#dadfe2\" top_margin=\"20px\" bottom_margin=\"50px\" border_size=\"4\" icon=\"\" icon_circle=\"\" icon_circle_color=\"\" width=\"\" alignment=\"center\" \/][fusion_title title_type=\"text\" rotation_effect=\"bounceIn\" display_time=\"1200\" highlight_effect=\"circle\" loop_animation=\"off\" highlight_width=\"9\" highlight_top_margin=\"0\" before_text=\"\" rotation_text=\"\" highlight_text=\"\" after_text=\"\" hide_on_mobile=\"small-visibility,medium-visibility,large-visibility\" class=\"\" id=\"\" content_align=\"left\" size=\"3\" font_size=\"\" animated_font_size=\"\" fusion_font_family_title_font=\"\" fusion_font_subset_title_font=\"\" fusion_font_variant_title_font=\"\" line_height=\"\" letter_spacing=\"\" margin_top=\"\" margin_bottom=\"0px\" margin_top_mobile=\"\" margin_bottom_mobile=\"\" text_color=\"#494c4e\" animated_text_color=\"\" highlight_color=\"\" style_type=\"default\" sep_color=\"\" animation_type=\"\" animation_direction=\"left\" animation_speed=\"0.3\" animation_offset=\"\"]\n<p>Env\u00edanos un Correo<\/p>\n[\/fusion_title][fusion_text columns=\"\" column_min_width=\"\" column_spacing=\"\" rule_style=\"default\" rule_size=\"\" rule_color=\"\" hide_on_mobile=\"small-visibility,medium-visibility,large-visibility\" class=\"\" id=\"\" animation_type=\"\" animation_direction=\"left\" animation_speed=\"0.3\" animation_offset=\"\"]\n<p><span style=\"font-size: 26px; color: #0075e6;\"><strong>info@gatolocostudios.com<\/strong><\/span><\/p>\n[\/fusion_text][fusion_separator style_type=\"default\" hide_on_mobile=\"small-visibility,medium-visibility,large-visibility\" class=\"\" id=\"\" sep_color=\"\" top_margin=\"40px\" bottom_margin=\"\" border_size=\"\" icon=\"\" icon_circle=\"\" icon_circle_color=\"\" width=\"\" alignment=\"center\" \/][\/fusion_builder_column_inner][fusion_builder_column_inner type=\"2_3\" layout=\"2_3\" spacing=\"\" center_content=\"no\" hover_type=\"none\" link=\"\" min_height=\"\" hide_on_mobile=\"small-visibility,medium-visibility,large-visibility\" class=\"\" id=\"\" background_color=\"\" background_image=\"\" background_position=\"left top\" undefined=\"\" background_repeat=\"no-repeat\" border_size=\"0\" border_color=\"\" border_style=\"solid\" padding_top=\"\" padding_right=\"\" padding_bottom=\"\" padding_left=\"\" margin_top=\"\" margin_bottom=\"\" animation_type=\"fade\" animation_direction=\"right\" animation_speed=\"0.6\" animation_offset=\"\" last=\"true\" border_position=\"all\" first=\"false\"][fusion_title title_type=\"text\" rotation_effect=\"bounceIn\" display_time=\"1200\" highlight_effect=\"circle\" loop_animation=\"off\" highlight_width=\"9\" highlight_top_margin=\"0\" before_text=\"\" rotation_text=\"\" highlight_text=\"\" after_text=\"\" hide_on_mobile=\"small-visibility,medium-visibility,large-visibility\" class=\"\" id=\"\" content_align=\"left\" size=\"3\" font_size=\"\" animated_font_size=\"\" fusion_font_family_title_font=\"\" fusion_font_subset_title_font=\"\" fusion_font_variant_title_font=\"\" line_height=\"\" letter_spacing=\"\" margin_top=\"\" margin_bottom=\"\" margin_top_mobile=\"\" margin_bottom_mobile=\"\" text_color=\"#494c4e\" animated_text_color=\"\" highlight_color=\"\" style_type=\"default\" sep_color=\"\" animation_type=\"\" animation_direction=\"left\" animation_speed=\"0.3\" animation_offset=\"\"]\n<p>\u00a1D\u00e9janos tu mensaje!<\/p>\n[\/fusion_title][contact-form-7 id=\"518\" \/][\/fusion_builder_column_inner][\/fusion_builder_row_inner][\/fusion_builder_column][\/fusion_builder_row][\/fusion_builder_container][fusion_global id=\"328\"]","_et_gb_content_width":"","om_disable_all_campaigns":false,"_monsterinsights_skip_tracking":false,"_monsterinsights_sitenote_active":false,"_monsterinsights_sitenote_note":"","_monsterinsights_sitenote_category":0,"footnotes":""},"aioseo_notices":[],"_links":{"self":[{"href":"https:\/\/software.samsalud.info\/index.php?rest_route=\/wp\/v2\/pages\/26"}],"collection":[{"href":"https:\/\/software.samsalud.info\/index.php?rest_route=\/wp\/v2\/pages"}],"about":[{"href":"https:\/\/software.samsalud.info\/index.php?rest_route=\/wp\/v2\/types\/page"}],"author":[{"embeddable":true,"href":"https:\/\/software.samsalud.info\/index.php?rest_route=\/wp\/v2\/users\/1"}],"replies":[{"embeddable":true,"href":"https:\/\/software.samsalud.info\/index.php?rest_route=%2Fwp%2Fv2%2Fcomments&post=26"}],"version-history":[{"count":5,"href":"https:\/\/software.samsalud.info\/index.php?rest_route=\/wp\/v2\/pages\/26\/revisions"}],"predecessor-version":[{"id":3289,"href":"https:\/\/software.samsalud.info\/index.php?rest_route=\/wp\/v2\/pages\/26\/revisions\/3289"}],"wp:attachment":[{"href":"https:\/\/software.samsalud.info\/index.php?rest_route=%2Fwp%2Fv2%2Fmedia&parent=26"}],"curies":[{"name":"wp","href":"https:\/\/api.w.org\/{rel}","templated":true}]}}